{"id":34315,"date":"2022-12-09T23:43:25","date_gmt":"2022-12-09T22:43:25","guid":{"rendered":"https:\/\/sarahmrl.com\/?page_id=34315"},"modified":"2022-12-18T19:05:09","modified_gmt":"2022-12-18T18:05:09","slug":"mentions_legales","status":"publish","type":"page","link":"https:\/\/sarahmrl.com\/index.php\/mentions_legales\/","title":{"rendered":"Mentions l\u00e9gales"},"content":{"rendered":"\t\t<div data-elementor-type=\"wp-page\" data-elementor-id=\"34315\" class=\"elementor elementor-34315\">\n\t\t\t\t\t\t<section class=\"elementor-section elementor-top-section elementor-element elementor-element-63d35f2 elementor-section-boxed elementor-section-height-default elementor-section-height-default wpr-particle-no wpr-jarallax-no wpr-parallax-no wpr-sticky-section-no\" data-id=\"63d35f2\" data-element_type=\"section\" data-e-type=\"section\">\n\t\t\t\t\t\t<div class=\"elementor-container elementor-column-gap-default\">\n\t\t\t\t\t<div class=\"elementor-column elementor-col-100 elementor-top-column elementor-element elementor-element-d1fd042\" data-id=\"d1fd042\" data-element_type=\"column\" data-e-type=\"column\">\n\t\t\t<div class=\"elementor-widget-wrap elementor-element-populated\">\n\t\t\t\t\t\t<div class=\"elementor-element elementor-element-b07f9d4 elementor-widget elementor-widget-heading\" data-id=\"b07f9d4\" data-element_type=\"widget\" data-e-type=\"widget\" data-widget_type=\"heading.default\">\n\t\t\t\t\t<h2 class=\"elementor-heading-title elementor-size-default\">Mentions L\u00e9gales<\/h2>\t\t\t\t<\/div>\n\t\t\t\t\t<\/div>\n\t\t<\/div>\n\t\t\t\t\t<\/div>\n\t\t<\/section>\n\t\t\t\t<section class=\"elementor-section elementor-top-section elementor-element elementor-element-b130de4 elementor-section-boxed elementor-section-height-default elementor-section-height-default wpr-particle-no wpr-jarallax-no wpr-parallax-no wpr-sticky-section-no\" data-id=\"b130de4\" data-element_type=\"section\" data-e-type=\"section\">\n\t\t\t\t\t\t<div class=\"elementor-container elementor-column-gap-default\">\n\t\t\t\t\t<div class=\"elementor-column elementor-col-100 elementor-top-column elementor-element elementor-element-23db13f\" data-id=\"23db13f\" data-element_type=\"column\" data-e-type=\"column\">\n\t\t\t<div class=\"elementor-widget-wrap elementor-element-populated\">\n\t\t\t\t\t\t<div class=\"elementor-element elementor-element-f26051d elementor-widget elementor-widget-text-editor\" data-id=\"f26051d\" data-element_type=\"widget\" data-e-type=\"widget\" data-widget_type=\"text-editor.default\">\n\t\t\t\t\t\t\t\t\t<p><\/p>\n<div>\n<h1><span style=\"font-size: 14px; color: rgb(165, 139, 138);\">Le site &nbsp;https:\/\/sarahmrl.com, ci-apr\u00e8s d\u00e9nomm\u00e9 Site Web, est la propri\u00e9t\u00e9 de :<\/span><br><\/h1>\n<p>Sarah Mrl<br><\/p>\n<\/div>\n<div>\n<p><strong>Num\u00e9ro Siret<\/strong>&nbsp;: 85011933000023<\/p>\n<p>H\u00e9bergeur OVH<\/p>\n<h3>Conditions d\u2019utilisation<\/h3>\n<p>L\u2019utilisation de ce site est r\u00e9serv\u00e9e \u00e0 usage strictement professionnel. Toute reproduction ou repr\u00e9sentation, en tout ou partiellement, \u00e0 d\u2019autres fins sur un quelconque support est interdite. Le non respect de cette interdiction constitue une contre fa\u00e7on pouvant engager la responsabilit\u00e9 civile et p\u00e9nale du contrefacteur.<\/p>\n<p><br><\/p>\n<h3>Propri\u00e9t\u00e9 intellectuelle et contrefa\u00e7ons.<\/h3>\n<p>Sarah Mrl est propri\u00e9taire des droits de propri\u00e9t\u00e9 intellectuelle&nbsp;et&nbsp;d\u00e9tient les droits d\u2019usage sur tous les \u00e9l\u00e9ments accessibles sur le site, notamment les textes, images, graphismes, logo, ic\u00f4nes.<\/p>\n<p>Toute reproduction, repr\u00e9sentation, modification, publication, adaptation de tout ou partie des \u00e9l\u00e9ments du site, quel que soit le moyen ou le proc\u00e9d\u00e9 utilis\u00e9, est interdite, sauf autorisation \u00e9crite pr\u00e9alable de Sarah Mrl.<br><\/p>\n<p>Toute exploitation non autoris\u00e9e du site ou de l\u2019un quelconque des \u00e9l\u00e9ments qu\u2019il contient sera consid\u00e9r\u00e9e comme constitutive d\u2019une contrefa\u00e7on et poursuivie conform\u00e9ment aux dispositions des articles L.335-2 et suivants du Code de Propri\u00e9t\u00e9 Intellectuelle.<\/p>\n<p><br><\/p>\n<h3>Conditions de vente<\/h3>\n<ul>\n<li>Modalit\u00e9s de paiement : Comptant, net et sans escompte<\/li>\n<li>L\u2019acqu\u00e9reur accepte que son droit de r\u00e9tractation ne peut \u00eatre exerc\u00e9 et reconnait que le service concern\u00e9 par la transaction et totalement ex\u00e9cut\u00e9.<\/li>\n<li>Les prix de vente sont exprim\u00e9s en euros TTC.<\/li>\n<li>Les frais de livraison en suppl\u00e9ment aux conditions de transport et d\u2019assurance assur\u00e9s par Colissimo sont ajout\u00e9s lors du paiement.<br><\/li>\n<\/ul>\n<h3>Disponibilit\u00e9<\/h3>\n<p>Le fonctionnement du site peut \u00eatre affect\u00e9 par des \u00e9v\u00e9nements que nous ne contr\u00f4lons pas, tels que par exemple, des pannes r\u00e9seau ou de transmission entre votre poste informatique, le r\u00e9seau internet, votre fournisseur d\u2019acc\u00e8s, notre h\u00e9bergeur.<br>Nous, nos fournisseurs de services ou h\u00e9bergeur, nous r\u00e9servons \u00e9galement le droit, \u00e0 tout moment, d\u2019interrompre temporairement, tout ou partie du site pour effectuer des op\u00e9rations de maintenance, des am\u00e9liorations ou des modifications sur le site ou le serveur qui l\u2019h\u00e9berge sans \u00eatre tenus pour responsables de ces suspensions ou interruptions.<\/p>\n<\/div>\t\t\t\t\t\t\t\t<\/div>\n\t\t\t\t\t<\/div>\n\t\t<\/div>\n\t\t\t\t\t<\/div>\n\t\t<\/section>\n\t\t\t\t<\/div>\n\t\t\n    <div class=\"xs_social_share_widget xs_share_url after_content \t\tmain_content  wslu-style-1 wslu-share-box-shaped wslu-fill-colored wslu-none wslu-share-horizontal wslu-theme-font-no wslu-main_content\">\n\n\t\t\n        <ul>\n\t\t\t        <\/ul>\n    <\/div> \n","protected":false},"excerpt":{"rendered":"<p>Mentions L\u00e9gales Le site &nbsp;https:\/\/sarahmrl.com, ci-apr\u00e8s d\u00e9nomm\u00e9 Site Web, est la propri\u00e9t\u00e9 de : Sarah Mrl Num\u00e9ro Siret&nbsp;: 85011933000023 H\u00e9bergeur OVH Conditions d\u2019utilisation L\u2019utilisation de ce site est r\u00e9serv\u00e9e \u00e0 usage strictement professionnel. Toute reproduction ou repr\u00e9sentation, en tout ou partiellement, \u00e0 d\u2019autres fins sur un quelconque support est interdite. Le non respect de cette interdiction constitue une contre fa\u00e7on pouvant engager la responsabilit\u00e9 civile et p\u00e9nale du contrefacteur. Propri\u00e9t\u00e9 intellectuelle et contrefa\u00e7ons. Sarah Mrl est propri\u00e9taire des droits de propri\u00e9t\u00e9 intellectuelle&nbsp;et&nbsp;d\u00e9tient les droits d\u2019usage sur tous les \u00e9l\u00e9ments accessibles sur le site, notamment les textes, images, graphismes, logo, ic\u00f4nes. Toute reproduction, repr\u00e9sentation, modification, publication, adaptation de tout ou partie des \u00e9l\u00e9ments du site, quel que soit le moyen ou le proc\u00e9d\u00e9 utilis\u00e9, est interdite, sauf autorisation \u00e9crite pr\u00e9alable de Sarah Mrl. Toute exploitation non autoris\u00e9e du site ou de l\u2019un quelconque des \u00e9l\u00e9ments qu\u2019il contient sera consid\u00e9r\u00e9e comme constitutive d\u2019une contrefa\u00e7on et poursuivie conform\u00e9ment aux dispositions des articles L.335-2 et suivants du Code de Propri\u00e9t\u00e9 Intellectuelle. Conditions de vente Modalit\u00e9s de paiement : Comptant, net et sans escompte L\u2019acqu\u00e9reur accepte que son droit de r\u00e9tractation ne peut \u00eatre exerc\u00e9 et reconnait que le service concern\u00e9 par la transaction et totalement ex\u00e9cut\u00e9. Les prix de vente sont exprim\u00e9s en euros TTC. Les frais de livraison en suppl\u00e9ment aux conditions de transport et d\u2019assurance assur\u00e9s par Colissimo sont ajout\u00e9s lors du paiement. Disponibilit\u00e9 Le fonctionnement du site peut \u00eatre affect\u00e9 par des \u00e9v\u00e9nements que nous ne contr\u00f4lons pas, tels que par exemple, des pannes r\u00e9seau ou de transmission entre votre poste informatique, le r\u00e9seau internet, votre fournisseur d\u2019acc\u00e8s, notre h\u00e9bergeur.Nous, nos fournisseurs de services ou h\u00e9bergeur, nous r\u00e9servons \u00e9galement le droit, \u00e0 tout moment, d\u2019interrompre temporairement, tout ou partie du site pour effectuer des op\u00e9rations de maintenance, des am\u00e9liorations ou des modifications sur le site ou le serveur qui l\u2019h\u00e9berge sans \u00eatre tenus pour responsables de ces suspensions ou interruptions.<\/p>\n","protected":false},"author":1,"featured_media":0,"parent":0,"menu_order":0,"comment_status":"closed","ping_status":"closed","template":"elementor_header_footer","meta":{"footnotes":""},"class_list":["post-34315","page","type-page","status-publish","hentry","entry","owp-thumbs-layout-vertical","owp-btn-very-big","owp-tabs-layout-horizontal","has-no-thumbnails","has-product-nav","circle-sale"],"_links":{"self":[{"href":"https:\/\/sarahmrl.com\/index.php\/wp-json\/wp\/v2\/pages\/34315","targetHints":{"allow":["GET"]}}],"collection":[{"href":"https:\/\/sarahmrl.com\/index.php\/wp-json\/wp\/v2\/pages"}],"about":[{"href":"https:\/\/sarahmrl.com\/index.php\/wp-json\/wp\/v2\/types\/page"}],"author":[{"embeddable":true,"href":"https:\/\/sarahmrl.com\/index.php\/wp-json\/wp\/v2\/users\/1"}],"replies":[{"embeddable":true,"href":"https:\/\/sarahmrl.com\/index.php\/wp-json\/wp\/v2\/comments?post=34315"}],"version-history":[{"count":0,"href":"https:\/\/sarahmrl.com\/index.php\/wp-json\/wp\/v2\/pages\/34315\/revisions"}],"wp:attachment":[{"href":"https:\/\/sarahmrl.com\/index.php\/wp-json\/wp\/v2\/media?parent=34315"}],"curies":[{"name":"wp","href":"https:\/\/api.w.org\/{rel}","templated":true}]}}