{"id":34910,"date":"2022-12-18T22:19:07","date_gmt":"2022-12-18T21:19:07","guid":{"rendered":"https:\/\/sarahmrl.com\/?page_id=34910"},"modified":"2025-09-10T16:22:06","modified_gmt":"2025-09-10T14:22:06","slug":"panier","status":"publish","type":"page","link":"https:\/\/sarahmrl.com\/index.php\/panier\/","title":{"rendered":"Panier"},"content":{"rendered":"\t\t<div data-elementor-type=\"wp-page\" data-elementor-id=\"34910\" class=\"elementor elementor-34910\">\n\t\t\t\t\t\t<section class=\"elementor-section elementor-top-section elementor-element elementor-element-dd10dc5 elementor-section-boxed elementor-section-height-default elementor-section-height-default wpr-particle-no wpr-jarallax-no wpr-parallax-no wpr-sticky-section-no\" data-id=\"dd10dc5\" data-element_type=\"section\" data-e-type=\"section\">\n\t\t\t\t\t\t<div class=\"elementor-container elementor-column-gap-default\">\n\t\t\t\t\t<div class=\"elementor-column elementor-col-100 elementor-top-column elementor-element elementor-element-9e408de\" data-id=\"9e408de\" data-element_type=\"column\" data-e-type=\"column\">\n\t\t\t<div class=\"elementor-widget-wrap elementor-element-populated\">\n\t\t\t\t\t\t<div class=\"elementor-element elementor-element-ec4dbc8 elementor-widget elementor-widget-eael-woo-cart\" data-id=\"ec4dbc8\" data-element_type=\"widget\" data-e-type=\"widget\" data-settings=\"{&quot;eael_woo_cart_table_components_remove_icon&quot;:{&quot;value&quot;:&quot;fas fa-times&quot;,&quot;library&quot;:&quot;fa-solid&quot;},&quot;eael_woo_cart_components_continue_shopping_icon&quot;:{&quot;value&quot;:&quot;fas fa-chevron-left&quot;,&quot;library&quot;:&quot;fa-solid&quot;}}\" data-widget_type=\"eael-woo-cart.default\">\n\t\t\t\t\t\t\t\t\t<div class=\"eael-woo-cart-wrapper eael-woo-cart-empty eael-woo-style-2 eael-auto-update33\">\n\t\t\t\t<div class=\"woocommerce-notices-wrapper\"><\/div><div class=\"wc-empty-cart-message\">\n\t<div class=\"cart-empty woocommerce-info\">\n\t\tVotre panier est vide\t<\/div>\n<\/div>\t<p class=\"return-to-shop\">\n\t\t<a class=\"button wc-backward\" href=\"https:\/\/sarahmrl.com\">\n\t\t\tRetour \u00e0 la boutique\t\t<\/a>\n\t<\/p>\n                <\/div>\n\t\t\t\t        <script>document.body.classList.add(\"eael-woo-cart\");<\/script>\n\t\t\t\t\t\t<\/div>\n\t\t\t\t\t<\/div>\n\t\t<\/div>\n\t\t\t\t\t<\/div>\n\t\t<\/section>\n\t\t\t\t<\/div>\n\t\t\n    <div class=\"xs_social_share_widget xs_share_url after_content \t\tmain_content  wslu-style-1 wslu-share-box-shaped wslu-fill-colored wslu-none wslu-share-horizontal wslu-theme-font-no wslu-main_content\">\n\n\t\t\n        <ul>\n\t\t\t        <\/ul>\n    <\/div> \n","protected":false},"excerpt":{"rendered":"<p>Product Title Price Quantity Subtotal Asgard 700,00&nbsp;&euro; quantit\u00e9 de Asgard 700,00&nbsp;&euro; Coupon: Appliquer le code promo Continuer les achats Mettre \u00e0 jour le panier Subtotal 700,00&nbsp;&euro; Exp\u00e9dition Colissimo Livraison \u00e0 445 rue du pont aux Bretons, 14140 SAINT MARTIN DU MESNIL OURY. Modifier l\u2019adresse Pays\/r\u00e9gion\u00a0: S\u00e9lectionner un pays\/r\u00e9gion\u2026Afrique du Sud\u00c5land IslandsAlbanieAlg\u00e9rieAllemagneAmerican SamoaAndorreAngolaAnguillaAntarctiqueAntigua-et-BarbudaArabie SaouditeArgentineArm\u00e9nieArubaAustralieAutricheBahamasBahrainBangladeshBarbadesBelauBelgiqueBelizeBeninBermudesBhutanBi\u00e9lorussieBolivieBosnie-Herz\u00e9govineBotswanaBr\u00e9silBruneiBulgarieBurkina FasoBurundiCambodgeCamerounCanadaCap VertChiliChineChristmas IslandChypreColombieComoresCongo (Brazzaville)Congo (Kinshasa)Cor\u00e9e du SudCosta RicaC\u00f4te-d\u2019IvoireCroatieCubaCura\u00e7aoDanemarkDjiboutiDominique\u00c9gypte\u00c9mirats Arabes Unis\u00c9quateurErythr\u00e9eEspagneEstonieEswatiniEtats-Unis (USA)\u00c9thiopieFidjiFinlandeFranceGabonGambieG\u00e9orgieG\u00e9orgie du Sud \/ \u00eeles SandwichGhanaGibraltarGr\u00e8ceGrenadeGroenlandGuadeloupeGuamGuatemalaGuerneseyGuin\u00e9eGuin\u00e9e \u00e9quatorialeGuin\u00e9e-BissauGuyaneGuyane Fran\u00e7aiseHondurasHong KongHongrie\u00cele Bouvet\u00cele de Man\u00cele Norfolk\u00celes Ca\u00efmans\u00celes Cocos\u00celes Cook\u00celes Falkland\u00celes F\u00e9ro\u00e9\u00celes Heard-et-MacDonald\u00celes Marshall\u00celes Mineures \u00e9loign\u00e9es des \u00c9tats-Unis\u00celes Salomon\u00celes Turques et Ca\u00efquesIndeIndon\u00e9sieIrlandeIslandeIsra\u00eblItalieJama\u00efqueJaponJerseyJordanieKazakhstanKenyaKiribatiKowe\u00eftKyrgyzstanLa R\u00e9unionLaosLesothoLettonieLiberiaLibyeLiechtensteinLituanieLuxembourgMacaoMac\u00e9doine du NordMadagascarMalaisieMalawiMaldivesMaliMalteMarocMartiniqueMauriceMauritanieMayotteMexiqueMicron\u00e9sieMoldavieMonacoMongolieMontenegroMontserratMozambiqueNamibieNauruN\u00e9palNicaraguaNigerNiueNorthern Mariana IslandsNorv\u00e8geNouvelle-Cal\u00e9donieNouvelle-Z\u00e9landeOmanPakistanPanamaPapouasie-Nouvelle-Guin\u00e9eParaguayPays-BasP\u00e9rouPhilippinesPitcairnPolognePolyn\u00e9sie Fran\u00e7aisePortugalPuerto RicoQatarR\u00e9publique CentrafricaineR\u00e9publique DominicaineR\u00e9publique Tch\u00e8queRoumanieRoyaume-Uni (UK)RussieRwandaSaba, Saint-Eustache et BonaireSahara occidentalSaint Barth\u00e9lemySaint Pierre et MiquelonSaint-Kitts-et-NevisSaint-Martin (partie fran\u00e7aise)Saint-Martin (partie n\u00e9erlandaise)Saint-Vincent-et-les-GrenadinesSainte-H\u00e9l\u00e8neSainte-LucieSalvadorSamoaSan MarinoSao Tom\u00e9-et-PrincipeS\u00e9n\u00e9galSerbieSeychellesSierra LeoneSingapourSlovaquieSlov\u00e9nieSomalieSri LankaSu\u00e8deSuisseSurinameSvalbard et Jan MayenTaiwanTajikistanTanzanieTchadTerres Australes Fran\u00e7aisesTerritoire britannique de l\u2019oc\u00e9an IndienTerritoire PalestinienThailandeTimor-LesteTogoTokelauTongaTrinit\u00e9-et-TobagoTunisieTurkm\u00e9nistanTurquieTuvaluUgandaUkraineUruguayUzbekistanVanuatuVaticanVenezuelaVietnamVirgin Islands (British)Virgin Islands (US)Wallis et FutunaZambieZimbabwe Ville\u00a0: Code postal Mettre \u00e0 jour Total 700,00&nbsp;&euro; Proc\u00e9der au paiement<\/p>\n","protected":false},"author":1,"featured_media":0,"parent":0,"menu_order":0,"comment_status":"closed","ping_status":"closed","template":"elementor_header_footer","meta":{"footnotes":""},"class_list":["post-34910","page","type-page","status-publish","hentry","entry","owp-thumbs-layout-vertical","owp-btn-very-big","owp-tabs-layout-horizontal","has-no-thumbnails","has-product-nav","circle-sale"],"_links":{"self":[{"href":"https:\/\/sarahmrl.com\/index.php\/wp-json\/wp\/v2\/pages\/34910","targetHints":{"allow":["GET"]}}],"collection":[{"href":"https:\/\/sarahmrl.com\/index.php\/wp-json\/wp\/v2\/pages"}],"about":[{"href":"https:\/\/sarahmrl.com\/index.php\/wp-json\/wp\/v2\/types\/page"}],"author":[{"embeddable":true,"href":"https:\/\/sarahmrl.com\/index.php\/wp-json\/wp\/v2\/users\/1"}],"replies":[{"embeddable":true,"href":"https:\/\/sarahmrl.com\/index.php\/wp-json\/wp\/v2\/comments?post=34910"}],"version-history":[{"count":0,"href":"https:\/\/sarahmrl.com\/index.php\/wp-json\/wp\/v2\/pages\/34910\/revisions"}],"wp:attachment":[{"href":"https:\/\/sarahmrl.com\/index.php\/wp-json\/wp\/v2\/media?parent=34910"}],"curies":[{"name":"wp","href":"https:\/\/api.w.org\/{rel}","templated":true}]}}