{"id":34415,"date":"2022-12-18T17:39:56","date_gmt":"2022-12-18T16:39:56","guid":{"rendered":"https:\/\/sarahmrl.com\/?post_type=product&#038;p=34415"},"modified":"2025-06-11T18:48:46","modified_gmt":"2025-06-11T16:48:46","slug":"anor-londo","status":"publish","type":"product","link":"https:\/\/sarahmrl.com\/index.php\/produit\/anor-londo\/","title":{"rendered":"Anor Londo"},"content":{"rendered":"<p><span class=\"VIiyi\" lang=\"fr\"><span class=\"JLqJ4b ChMk0b\" data-language-for-alternatives=\"fr\" data-language-to-translate-into=\"en\" data-phrase-index=\"0\">Peinture <strong>originale<\/strong> sur toile avec peinture acrylique et prot\u00e9g\u00e9e par vernis mat<\/span><\/span><\/p>\n<p>Encadr\u00e9e, cadre noir fourni<\/p>\n<p>&nbsp;<\/p>\n\n    <div class=\"xs_social_share_widget xs_share_url after_content \t\tmain_content  wslu-style-1 wslu-share-box-shaped wslu-fill-colored wslu-none wslu-share-horizontal wslu-theme-font-no wslu-main_content\">\n\n\t\t\n        <ul>\n\t\t\t        <\/ul>\n    <\/div> \n","protected":false},"excerpt":{"rendered":"<p>Peinture originale sur toile avec peinture acrylique et prot\u00e9g\u00e9e par vernis mat Encadr\u00e9e, cadre noir fourni &nbsp;<\/p>\n","protected":false},"featured_media":34446,"comment_status":"open","ping_status":"closed","template":"","meta":[],"product_brand":[],"product_cat":[124,140,99],"product_tag":[96,97],"class_list":{"0":"post-34415","1":"product","2":"type-product","3":"status-publish","4":"has-post-thumbnail","6":"product_cat-fromsoftware","7":"product_cat-originals","8":"product_cat-tous-les-produits","9":"product_tag-jeux-video","10":"product_tag-original","11":"product_shipping_class-originals","13":"entry","14":"has-media","16":"first","17":"instock","18":"shipping-taxable","19":"purchasable","20":"product-type-simple","21":"has-product-nav","22":"col","23":"span_1_of_3","24":"owp-content-center","25":"owp-thumbs-layout-vertical","26":"owp-btn-very-big","27":"owp-tabs-layout-horizontal","29":"circle-sale"},"_links":{"self":[{"href":"https:\/\/sarahmrl.com\/index.php\/wp-json\/wp\/v2\/product\/34415","targetHints":{"allow":["GET"]}}],"collection":[{"href":"https:\/\/sarahmrl.com\/index.php\/wp-json\/wp\/v2\/product"}],"about":[{"href":"https:\/\/sarahmrl.com\/index.php\/wp-json\/wp\/v2\/types\/product"}],"replies":[{"embeddable":true,"href":"https:\/\/sarahmrl.com\/index.php\/wp-json\/wp\/v2\/comments?post=34415"}],"version-history":[{"count":0,"href":"https:\/\/sarahmrl.com\/index.php\/wp-json\/wp\/v2\/product\/34415\/revisions"}],"wp:featuredmedia":[{"embeddable":true,"href":"https:\/\/sarahmrl.com\/index.php\/wp-json\/wp\/v2\/media\/34446"}],"wp:attachment":[{"href":"https:\/\/sarahmrl.com\/index.php\/wp-json\/wp\/v2\/media?parent=34415"}],"wp:term":[{"taxonomy":"product_brand","embeddable":true,"href":"https:\/\/sarahmrl.com\/index.php\/wp-json\/wp\/v2\/product_brand?post=34415"},{"taxonomy":"product_cat","embeddable":true,"href":"https:\/\/sarahmrl.com\/index.php\/wp-json\/wp\/v2\/product_cat?post=34415"},{"taxonomy":"product_tag","embeddable":true,"href":"https:\/\/sarahmrl.com\/index.php\/wp-json\/wp\/v2\/product_tag?post=34415"}],"curies":[{"name":"wp","href":"https:\/\/api.w.org\/{rel}","templated":true}]}}