{"id":34555,"date":"2022-12-18T17:45:26","date_gmt":"2022-12-18T16:45:26","guid":{"rendered":"https:\/\/sarahmrl.com\/?post_type=product&#038;p=34555"},"modified":"2025-06-11T18:36:24","modified_gmt":"2025-06-11T16:36:24","slug":"basilique-st-therese-original","status":"publish","type":"product","link":"https:\/\/sarahmrl.com\/index.php\/produit\/basilique-st-therese-original\/","title":{"rendered":"Basilique St Th\u00e9r\u00e8se"},"content":{"rendered":"<p><strong>ORIGINAL<\/strong> : 60x80x3.5cm, peinture acrylique sur toile, 2021<\/p>\n<p>La magnifique Basilique st Th\u00e9r\u00e8se de Lisieux, revisit\u00e9 dans un style fantastique<\/p>\n<p>Peins \u00e0 l&#8217;acrylique et prot\u00e9g\u00e9 \u00e0 l&#8217;aide d&#8217;un vernis mat.<\/p>\n<p>&nbsp;<\/p>\n<p>Clique <a href=\"\/?p=30468\"><strong>ICI<\/strong> <\/a>pour voir les impressions !<\/p>\n\n    <div class=\"xs_social_share_widget xs_share_url after_content \t\tmain_content  wslu-style-1 wslu-share-box-shaped wslu-fill-colored wslu-none wslu-share-horizontal wslu-theme-font-no wslu-main_content\">\n\n\t\t\n        <ul>\n\t\t\t        <\/ul>\n    <\/div> \n","protected":false},"excerpt":{"rendered":"<p>ORIGINAL : 60x80x3.5cm, peinture acrylique sur toile, 2021 La magnifique Basilique st Th\u00e9r\u00e8se de Lisieux, revisit\u00e9 dans un style fantastique Peins \u00e0 l&#8217;acrylique et prot\u00e9g\u00e9 \u00e0 l&#8217;aide d&#8217;un vernis mat. &nbsp; Clique ICI pour voir les impressions !<\/p>\n","protected":false},"featured_media":34645,"comment_status":"open","ping_status":"closed","template":"","meta":[],"product_brand":[],"product_cat":[123,140,99],"product_tag":[94,97],"class_list":{"0":"post-34555","1":"product","2":"type-product","3":"status-publish","4":"has-post-thumbnail","6":"product_cat-autres","7":"product_cat-originals","8":"product_cat-tous-les-produits","9":"product_tag-divers","10":"product_tag-original","11":"product_shipping_class-originals","13":"entry","14":"has-media","16":"first","17":"instock","18":"purchasable","19":"product-type-simple","20":"has-product-nav","21":"col","22":"span_1_of_3","23":"owp-content-center","24":"owp-thumbs-layout-vertical","25":"owp-btn-very-big","26":"owp-tabs-layout-horizontal","28":"circle-sale"},"_links":{"self":[{"href":"https:\/\/sarahmrl.com\/index.php\/wp-json\/wp\/v2\/product\/34555","targetHints":{"allow":["GET"]}}],"collection":[{"href":"https:\/\/sarahmrl.com\/index.php\/wp-json\/wp\/v2\/product"}],"about":[{"href":"https:\/\/sarahmrl.com\/index.php\/wp-json\/wp\/v2\/types\/product"}],"replies":[{"embeddable":true,"href":"https:\/\/sarahmrl.com\/index.php\/wp-json\/wp\/v2\/comments?post=34555"}],"version-history":[{"count":0,"href":"https:\/\/sarahmrl.com\/index.php\/wp-json\/wp\/v2\/product\/34555\/revisions"}],"wp:featuredmedia":[{"embeddable":true,"href":"https:\/\/sarahmrl.com\/index.php\/wp-json\/wp\/v2\/media\/34645"}],"wp:attachment":[{"href":"https:\/\/sarahmrl.com\/index.php\/wp-json\/wp\/v2\/media?parent=34555"}],"wp:term":[{"taxonomy":"product_brand","embeddable":true,"href":"https:\/\/sarahmrl.com\/index.php\/wp-json\/wp\/v2\/product_brand?post=34555"},{"taxonomy":"product_cat","embeddable":true,"href":"https:\/\/sarahmrl.com\/index.php\/wp-json\/wp\/v2\/product_cat?post=34555"},{"taxonomy":"product_tag","embeddable":true,"href":"https:\/\/sarahmrl.com\/index.php\/wp-json\/wp\/v2\/product_tag?post=34555"}],"curies":[{"name":"wp","href":"https:\/\/api.w.org\/{rel}","templated":true}]}}