{"id":34665,"date":"2022-12-18T17:48:26","date_gmt":"2022-12-18T16:48:26","guid":{"rendered":"https:\/\/sarahmrl.com\/?post_type=product&#038;p=34665"},"modified":"2025-08-18T14:26:47","modified_gmt":"2025-08-18T12:26:47","slug":"peinture-sur-tranche-fire-blood","status":"publish","type":"product","link":"https:\/\/sarahmrl.com\/index.php\/produit\/peinture-sur-tranche-fire-blood\/","title":{"rendered":"Peinture sur Tranche | Fire &#038; Blood"},"content":{"rendered":"<p>Peinture sur tranche du livre Fire&amp;Blood (Game of Thrones) par G.R.R.MARTIN en <strong>FRAN\u00c7AIS<\/strong>.<\/p>\n<p>La peinture a \u00e9t\u00e9 faite \u00e0 l&#8217;<strong>aquarelle<\/strong> puis fix\u00e9e gr\u00e2ce \u00e0 un <strong>fixateur<\/strong>.<\/p>\n<p>Je d\u00e9conseillerai d&#8217;acheter ce livre pour lire, afin de pr\u00e9server la peinture dans le temps, car cette technique est tr\u00e8s fragile !<\/p>\n<p><strong>Le livre peut pr\u00e9senter des d\u00e9fauts mineurs.<\/strong><\/p>\n<p>&nbsp;<\/p>\n<p>&nbsp;<\/p>\n\n    <div class=\"xs_social_share_widget xs_share_url after_content \t\tmain_content  wslu-style-1 wslu-share-box-shaped wslu-fill-colored wslu-none wslu-share-horizontal wslu-theme-font-no wslu-main_content\">\n\n\t\t\n        <ul>\n\t\t\t        <\/ul>\n    <\/div> \n","protected":false},"excerpt":{"rendered":"<p>Peinture sur tranche du livre Fire&amp;Blood (Game of Thrones) par G.R.R.MARTIN en FRAN\u00c7AIS. La peinture a \u00e9t\u00e9 faite \u00e0 l&#8217;aquarelle puis fix\u00e9e gr\u00e2ce \u00e0 un fixateur. Je d\u00e9conseillerai d&#8217;acheter ce livre pour lire, afin de pr\u00e9server la peinture dans le temps, car cette technique est tr\u00e8s fragile ! Le livre peut pr\u00e9senter des d\u00e9fauts mineurs. &nbsp; &nbsp;<\/p>\n","protected":false},"featured_media":45756,"comment_status":"open","ping_status":"closed","template":"","meta":[],"product_brand":[],"product_cat":[140,146,99],"product_tag":[95,97,98],"class_list":{"0":"post-34665","1":"product","2":"type-product","3":"status-publish","4":"has-post-thumbnail","6":"product_cat-originals","7":"product_cat-peinture-sur-livre","8":"product_cat-tous-les-produits","9":"product_tag-livres","10":"product_tag-original","11":"product_tag-series","12":"product_shipping_class-livres","14":"entry","15":"has-media","17":"first","18":"instock","19":"purchasable","20":"product-type-simple","21":"has-product-nav","22":"col","23":"span_1_of_3","24":"owp-content-center","25":"owp-thumbs-layout-vertical","26":"owp-btn-very-big","27":"owp-tabs-layout-horizontal","29":"circle-sale"},"_links":{"self":[{"href":"https:\/\/sarahmrl.com\/index.php\/wp-json\/wp\/v2\/product\/34665","targetHints":{"allow":["GET"]}}],"collection":[{"href":"https:\/\/sarahmrl.com\/index.php\/wp-json\/wp\/v2\/product"}],"about":[{"href":"https:\/\/sarahmrl.com\/index.php\/wp-json\/wp\/v2\/types\/product"}],"replies":[{"embeddable":true,"href":"https:\/\/sarahmrl.com\/index.php\/wp-json\/wp\/v2\/comments?post=34665"}],"version-history":[{"count":0,"href":"https:\/\/sarahmrl.com\/index.php\/wp-json\/wp\/v2\/product\/34665\/revisions"}],"wp:featuredmedia":[{"embeddable":true,"href":"https:\/\/sarahmrl.com\/index.php\/wp-json\/wp\/v2\/media\/45756"}],"wp:attachment":[{"href":"https:\/\/sarahmrl.com\/index.php\/wp-json\/wp\/v2\/media?parent=34665"}],"wp:term":[{"taxonomy":"product_brand","embeddable":true,"href":"https:\/\/sarahmrl.com\/index.php\/wp-json\/wp\/v2\/product_brand?post=34665"},{"taxonomy":"product_cat","embeddable":true,"href":"https:\/\/sarahmrl.com\/index.php\/wp-json\/wp\/v2\/product_cat?post=34665"},{"taxonomy":"product_tag","embeddable":true,"href":"https:\/\/sarahmrl.com\/index.php\/wp-json\/wp\/v2\/product_tag?post=34665"}],"curies":[{"name":"wp","href":"https:\/\/api.w.org\/{rel}","templated":true}]}}