{"id":34667,"date":"2022-12-18T17:48:26","date_gmt":"2022-12-18T16:48:26","guid":{"rendered":"https:\/\/sarahmrl.com\/?post_type=product&#038;p=34667"},"modified":"2025-10-31T17:52:51","modified_gmt":"2025-10-31T16:52:51","slug":"peinture-sur-tranche-le-seigneur-des-anneaux-lintegral","status":"publish","type":"product","link":"https:\/\/sarahmrl.com\/index.php\/produit\/peinture-sur-tranche-le-seigneur-des-anneaux-lintegral\/","title":{"rendered":"Le Seigneur des Anneaux \u2013 Livre peint \u00e0 la main (\u00e9dition Pocket fran\u00e7aise 2018)"},"content":{"rendered":"\n    <div class=\"xs_social_share_widget xs_share_url after_content \t\tmain_content  wslu-style-1 wslu-share-box-shaped wslu-fill-colored wslu-none wslu-share-horizontal wslu-theme-font-no wslu-main_content\">\n\n\t\t\n        <ul>\n\t\t\t        <\/ul>\n    <\/div> \n","protected":false},"excerpt":{"rendered":"<p>Cette \u00e9dition fran\u00e7aise du Seigneur des Anneaux, \u00e9crite par J.R.R. Tolkien, publi\u00e9e en 2018 par Pocket, est devenue une pi\u00e8ce unique\u00a0! Peinte en 2022.<\/p>\n<p>J&#8217;ai peint \u00e0 l&#8217;aquarelle des sc\u00e8nes rarement repr\u00e9sent\u00e9es, choisies pour leur raret\u00e9 et leurs couleurs parfaitement assorties au livre\u00a0!<\/p>\n<p>Ce livre que j&#8217;ai s\u00e9lectionn\u00e9 est d&#8217;occasion\u00a0: traces du temps, marques, petits d\u00e9fauts\u2026 Ce sont ces d\u00e9tails qui rendent chaque \u0153uvre authentique.<\/p>\n<p>L&#8217;\u0153uvre est s\u00e9curis\u00e9e et prot\u00e9g\u00e9e, mais reste fragile. Ce livre est destin\u00e9 \u00e0 la collection, pas \u00e0 la lecture\u00a0: une manipulation excessive pourrait endommager la peinture.<\/p>\n<p>Ce livre est destin\u00e9 aux collectionneurs, aux passionn\u00e9s de Tolkien, aux amateurs d&#8217;art et\/ou de livres\u00a0!<\/p>\n","protected":false},"featured_media":45899,"comment_status":"open","ping_status":"closed","template":"","meta":[],"product_brand":[],"product_cat":[120,140,146,99],"product_tag":[92,95,97],"class_list":{"0":"post-34667","1":"product","2":"type-product","3":"status-publish","4":"has-post-thumbnail","6":"product_cat-jrr-tolkien","7":"product_cat-originals","8":"product_cat-peinture-sur-livre","9":"product_cat-tous-les-produits","10":"product_tag-cinema","11":"product_tag-livres","12":"product_tag-original","13":"product_shipping_class-livres","15":"entry","16":"has-media","18":"first","19":"instock","20":"purchasable","21":"product-type-simple","22":"has-product-nav","23":"col","24":"span_1_of_3","25":"owp-content-center","26":"owp-thumbs-layout-vertical","27":"owp-btn-very-big","28":"owp-tabs-layout-horizontal","30":"circle-sale"},"_links":{"self":[{"href":"https:\/\/sarahmrl.com\/index.php\/wp-json\/wp\/v2\/product\/34667","targetHints":{"allow":["GET"]}}],"collection":[{"href":"https:\/\/sarahmrl.com\/index.php\/wp-json\/wp\/v2\/product"}],"about":[{"href":"https:\/\/sarahmrl.com\/index.php\/wp-json\/wp\/v2\/types\/product"}],"replies":[{"embeddable":true,"href":"https:\/\/sarahmrl.com\/index.php\/wp-json\/wp\/v2\/comments?post=34667"}],"version-history":[{"count":0,"href":"https:\/\/sarahmrl.com\/index.php\/wp-json\/wp\/v2\/product\/34667\/revisions"}],"wp:featuredmedia":[{"embeddable":true,"href":"https:\/\/sarahmrl.com\/index.php\/wp-json\/wp\/v2\/media\/45899"}],"wp:attachment":[{"href":"https:\/\/sarahmrl.com\/index.php\/wp-json\/wp\/v2\/media?parent=34667"}],"wp:term":[{"taxonomy":"product_brand","embeddable":true,"href":"https:\/\/sarahmrl.com\/index.php\/wp-json\/wp\/v2\/product_brand?post=34667"},{"taxonomy":"product_cat","embeddable":true,"href":"https:\/\/sarahmrl.com\/index.php\/wp-json\/wp\/v2\/product_cat?post=34667"},{"taxonomy":"product_tag","embeddable":true,"href":"https:\/\/sarahmrl.com\/index.php\/wp-json\/wp\/v2\/product_tag?post=34667"}],"curies":[{"name":"wp","href":"https:\/\/api.w.org\/{rel}","templated":true}]}}