{"id":34692,"date":"2022-12-18T17:49:03","date_gmt":"2022-12-18T16:49:03","guid":{"rendered":"https:\/\/sarahmrl.com\/?post_type=product&#038;p=34692"},"modified":"2025-06-11T18:31:39","modified_gmt":"2025-06-11T16:31:39","slug":"shadow-realm-original","status":"publish","type":"product","link":"https:\/\/sarahmrl.com\/index.php\/produit\/shadow-realm-original\/","title":{"rendered":"Shadow Realm"},"content":{"rendered":"<p>Peinture acrylique sur toile.<br \/>\nVernis par un vernis brilliant + satin<br \/>\nEncadr\u00e9 par une caisse am\u00e9ricaine noire<\/p>\n<p>Peinture Inspir\u00e9e du Royaume des ombres &#8220;Shadow Realm&#8221; dans Thor, Love and thunders !<\/p>\n\n    <div class=\"xs_social_share_widget xs_share_url after_content \t\tmain_content  wslu-style-1 wslu-share-box-shaped wslu-fill-colored wslu-none wslu-share-horizontal wslu-theme-font-no wslu-main_content\">\n\n\t\t\n        <ul>\n\t\t\t        <\/ul>\n    <\/div> \n","protected":false},"excerpt":{"rendered":"<p>Peinture acrylique sur toile. Vernis par un vernis brilliant + satin Encadr\u00e9 par une caisse am\u00e9ricaine noire Peinture Inspir\u00e9e du Royaume des ombres &#8220;Shadow Realm&#8221; dans Thor, Love and thunders !<\/p>\n","protected":false},"featured_media":34770,"comment_status":"open","ping_status":"closed","template":"","meta":[],"product_brand":[],"product_cat":[101,140],"product_tag":[92,97],"class_list":{"0":"post-34692","1":"product","2":"type-product","3":"status-publish","4":"has-post-thumbnail","6":"product_cat-marvel","7":"product_cat-originals","8":"product_tag-cinema","9":"product_tag-original","10":"product_shipping_class-originals","12":"entry","13":"has-media","15":"first","16":"instock","17":"shipping-taxable","18":"purchasable","19":"product-type-simple","20":"has-product-nav","21":"col","22":"span_1_of_3","23":"owp-content-center","24":"owp-thumbs-layout-vertical","25":"owp-btn-very-big","26":"owp-tabs-layout-horizontal","28":"circle-sale"},"_links":{"self":[{"href":"https:\/\/sarahmrl.com\/index.php\/wp-json\/wp\/v2\/product\/34692","targetHints":{"allow":["GET"]}}],"collection":[{"href":"https:\/\/sarahmrl.com\/index.php\/wp-json\/wp\/v2\/product"}],"about":[{"href":"https:\/\/sarahmrl.com\/index.php\/wp-json\/wp\/v2\/types\/product"}],"replies":[{"embeddable":true,"href":"https:\/\/sarahmrl.com\/index.php\/wp-json\/wp\/v2\/comments?post=34692"}],"version-history":[{"count":0,"href":"https:\/\/sarahmrl.com\/index.php\/wp-json\/wp\/v2\/product\/34692\/revisions"}],"wp:featuredmedia":[{"embeddable":true,"href":"https:\/\/sarahmrl.com\/index.php\/wp-json\/wp\/v2\/media\/34770"}],"wp:attachment":[{"href":"https:\/\/sarahmrl.com\/index.php\/wp-json\/wp\/v2\/media?parent=34692"}],"wp:term":[{"taxonomy":"product_brand","embeddable":true,"href":"https:\/\/sarahmrl.com\/index.php\/wp-json\/wp\/v2\/product_brand?post=34692"},{"taxonomy":"product_cat","embeddable":true,"href":"https:\/\/sarahmrl.com\/index.php\/wp-json\/wp\/v2\/product_cat?post=34692"},{"taxonomy":"product_tag","embeddable":true,"href":"https:\/\/sarahmrl.com\/index.php\/wp-json\/wp\/v2\/product_tag?post=34692"}],"curies":[{"name":"wp","href":"https:\/\/api.w.org\/{rel}","templated":true}]}}