{"id":35467,"date":"2023-06-09T18:44:54","date_gmt":"2023-06-09T16:44:54","guid":{"rendered":"https:\/\/sarahmrl.com\/?post_type=product&#038;p=35467"},"modified":"2025-06-11T18:28:16","modified_gmt":"2025-06-11T16:28:16","slug":"im-coming-with-you","status":"publish","type":"product","link":"https:\/\/sarahmrl.com\/index.php\/produit\/im-coming-with-you\/","title":{"rendered":"I&#8217;m coming with you"},"content":{"rendered":"<div><b>L\u2019artiste attire l\u2019attention des clients potentiels sur le fait que les photographies des oeuvres inscrites sur son site internet ne sont pas contractuelles : elles peuvent parfois s\u2019av\u00e9rer l\u00e9g\u00e8rement diff\u00e9rentes de la r\u00e9alit\u00e9, en raison de nombreux param\u00e8tres techniques tels que la qualit\u00e9 de la carte graphique de l\u2019ordinateur du Client, la qualit\u00e9 et les r\u00e9glages de son \u00e9cran et l\u2019\u00e9clairage de l\u2019artiste lors des prises de vue. Les photos sont retouch\u00e9es par l\u2019Artiste afin de les rendre les plus fid\u00e8les possible \u00e0 la r\u00e9alit\u00e9.\u00a0<\/b><\/div>\n<div><b>Les oeuvres sont g\u00e9n\u00e9ralement plus belles en r\u00e9alit\u00e9 qu\u2019en photo, ce processus ayant tendance \u00e0 \u201caplatir\u201d les mati\u00e8res.<\/b><\/div>\n<div><\/div>\n<div>The artist draws the attention of potential clients to the fact that the photographs of the works listed on his website are not contractual: they may sometimes prove to be slightly different from reality, due to numerous technical parameters such as quality of the graphics card of the Client&#8217;s computer, the quality and settings of its screen and the artist&#8217;s lighting during the shots. The photos are retouched by the Artist in order to make them as faithful to reality as possible.<br \/>\nThe works are generally more beautiful in reality than in photos, this process having a tendency to \u201cflatten\u201d the materials.<\/div>\n\n    <div class=\"xs_social_share_widget xs_share_url after_content \t\tmain_content  wslu-style-1 wslu-share-box-shaped wslu-fill-colored wslu-none wslu-share-horizontal wslu-theme-font-no wslu-main_content\">\n\n\t\t\n        <ul>\n\t\t\t        <\/ul>\n    <\/div> \n","protected":false},"excerpt":{"rendered":"<ul>\n<li>Ce tableau a \u00e9t\u00e9 r\u00e9alis\u00e9 \u00e0 la peinture acrylique sur un format 50x50x3.5cm par l\u2019artiste peintre Sarah &#8220;Alqi&#8221; Mrl.<\/li>\n<li>Il repr\u00e9sente Sam sauvant Frodon de la noyade, dans le premier Seigneur des Anneaux!<\/li>\n<li>Le tableau est vernis \u00e0 l&#8217;aide d&#8217;un vernis mat, afin d&#8217;aider \u00e0 la protection (poussi\u00e8re, UV), et d&#8217;unifier les diff\u00e9rences de brillance du tableau et d&#8217;augmenter la profondeur des couleurs.<\/li>\n<li>Il est \u00e9galement sign\u00e9, contre-sign\u00e9, accompagn\u00e9 de son certificat d&#8217;authenticit\u00e9, et sera tr\u00e8s s\u00fbrement emball\u00e9, afin qu&#8217;il puisse atteindre sa nouvelle maison en toute s\u00e9curit\u00e9!<\/li>\n<li>Frais de port offerts en France pour les Peintures Originales<\/li>\n<\/ul>\n<p>&nbsp;<\/p>\n<ul>\n<li>This painting was created with acrylic paint in a 50x50x3.5cm format by the painter Sarah &#8220;Alqi&#8221; Mrl.<br \/>\nIt depicts Sam saving Frodo from drowning, in the first Lord of the Rings!<\/li>\n<li>The painting is varnished using a matte varnish, in order to help with protection (dust, UV), and to unify the differences in gloss of the painting and to increase the depth of the colors.<br \/>\nIt is also signed, countersigned, accompanied by its certificate of authenticity, and will be very surely packaged, so that it can reach its new home safely!<br \/>\nFree shipping in France for Original Paintings.<\/li>\n<\/ul>\n","protected":false},"featured_media":41617,"comment_status":"open","ping_status":"closed","template":"","meta":[],"product_brand":[],"product_cat":[120,140,99],"product_tag":[92,97],"class_list":{"0":"post-35467","1":"product","2":"type-product","3":"status-publish","4":"has-post-thumbnail","6":"product_cat-jrr-tolkien","7":"product_cat-originals","8":"product_cat-tous-les-produits","9":"product_tag-cinema","10":"product_tag-original","11":"product_shipping_class-originals","13":"entry","14":"has-media","16":"first","17":"instock","18":"shipping-taxable","19":"purchasable","20":"product-type-simple","21":"has-product-nav","22":"col","23":"span_1_of_3","24":"owp-content-center","25":"owp-thumbs-layout-vertical","26":"owp-btn-very-big","27":"owp-tabs-layout-horizontal","29":"circle-sale"},"_links":{"self":[{"href":"https:\/\/sarahmrl.com\/index.php\/wp-json\/wp\/v2\/product\/35467","targetHints":{"allow":["GET"]}}],"collection":[{"href":"https:\/\/sarahmrl.com\/index.php\/wp-json\/wp\/v2\/product"}],"about":[{"href":"https:\/\/sarahmrl.com\/index.php\/wp-json\/wp\/v2\/types\/product"}],"replies":[{"embeddable":true,"href":"https:\/\/sarahmrl.com\/index.php\/wp-json\/wp\/v2\/comments?post=35467"}],"version-history":[{"count":0,"href":"https:\/\/sarahmrl.com\/index.php\/wp-json\/wp\/v2\/product\/35467\/revisions"}],"wp:featuredmedia":[{"embeddable":true,"href":"https:\/\/sarahmrl.com\/index.php\/wp-json\/wp\/v2\/media\/41617"}],"wp:attachment":[{"href":"https:\/\/sarahmrl.com\/index.php\/wp-json\/wp\/v2\/media?parent=35467"}],"wp:term":[{"taxonomy":"product_brand","embeddable":true,"href":"https:\/\/sarahmrl.com\/index.php\/wp-json\/wp\/v2\/product_brand?post=35467"},{"taxonomy":"product_cat","embeddable":true,"href":"https:\/\/sarahmrl.com\/index.php\/wp-json\/wp\/v2\/product_cat?post=35467"},{"taxonomy":"product_tag","embeddable":true,"href":"https:\/\/sarahmrl.com\/index.php\/wp-json\/wp\/v2\/product_tag?post=35467"}],"curies":[{"name":"wp","href":"https:\/\/api.w.org\/{rel}","templated":true}]}}