{"id":42171,"date":"2024-08-07T17:49:28","date_gmt":"2024-08-07T15:49:28","guid":{"rendered":"https:\/\/sarahmrl.com\/?post_type=product&#038;p=42171"},"modified":"2024-12-16T14:38:02","modified_gmt":"2024-12-16T13:38:02","slug":"dragon-series-5-paintings-available","status":"publish","type":"product","link":"https:\/\/sarahmrl.com\/index.php\/produit\/dragon-series-5-paintings-available\/","title":{"rendered":"Dragon series (5 paintings)"},"content":{"rendered":"<div><b>L\u2019artiste attire l\u2019attention des clients potentiels sur le fait que les photographies des oeuvres inscrites sur son site internet ne sont pas contractuelles : elles peuvent parfois s\u2019av\u00e9rer l\u00e9g\u00e8rement diff\u00e9rentes de la r\u00e9alit\u00e9, en raison de nombreux param\u00e8tres techniques tels que la qualit\u00e9 de la carte graphique de l\u2019ordinateur du Client, la qualit\u00e9 et les r\u00e9glages de son \u00e9cran et l\u2019\u00e9clairage de l\u2019artiste lors des prises de vue. Les photos sont retouch\u00e9es par l\u2019Artiste afin de les rendre les plus fid\u00e8les possible \u00e0 la r\u00e9alit\u00e9.\u00a0<\/b><\/div>\n<div><b>Les oeuvres sont g\u00e9n\u00e9ralement plus belles en r\u00e9alit\u00e9 qu\u2019en photo, ce processus ayant tendance \u00e0 \u201caplatir\u201d les mati\u00e8res.<\/b><\/div>\n<div><\/div>\n<div><\/div>\n\n    <div class=\"xs_social_share_widget xs_share_url after_content \t\tmain_content  wslu-style-1 wslu-share-box-shaped wslu-fill-colored wslu-none wslu-share-horizontal wslu-theme-font-no wslu-main_content\">\n\n\t\t\n        <ul>\n\t\t\t        <\/ul>\n    <\/div> \n","protected":false},"excerpt":{"rendered":"<ul>\n<li>Ces tableaux ont \u00e9t\u00e9 r\u00e9alis\u00e9s \u00e0 la peinture acrylique sur un format 30x30cm, 27x41cm et 22x33cm par l\u2019artiste peintre Sarah &#8220;Alqi&#8221; Mrl !<\/li>\n<li>Les tableaux sont vernis \u00e0 l&#8217;aide d&#8217;un vernis mat et brilliant, afin d&#8217;aider \u00e0 la protection (poussi\u00e8re, UV), et d&#8217;unifier les diff\u00e9rences de brillance du tableau et d&#8217;augmenter la profondeur des couleurs.<\/li>\n<li>Ils sont \u00e9galement sign\u00e9s, contre-sign\u00e9s, accompagn\u00e9s de leur certificat d&#8217;authenticit\u00e9, et seront tr\u00e8s s\u00fbrement emball\u00e9s, afin qu&#8217;ils puissent atteindre leur nouvelle maison en toute s\u00e9curit\u00e9!<\/li>\n<li>Frais de port offerts en France pour les Peintures Originales.<\/li>\n<li>Non encadr\u00e9s<\/li>\n<\/ul>\n","protected":false},"featured_media":42183,"comment_status":"open","ping_status":"closed","template":"","meta":[],"product_brand":[],"product_cat":[109,25,140],"product_tag":[],"class_list":{"0":"post-42171","1":"product","2":"type-product","3":"status-publish","4":"has-post-thumbnail","6":"product_cat-dragons","7":"product_cat-non-classe","8":"product_cat-originals","10":"entry","11":"has-media","13":"first","14":"instock","15":"shipping-taxable","16":"purchasable","17":"product-type-variable","18":"has-product-nav","19":"col","20":"span_1_of_3","21":"owp-content-center","22":"owp-thumbs-layout-vertical","23":"owp-btn-very-big","24":"owp-tabs-layout-horizontal","26":"circle-sale"},"_links":{"self":[{"href":"https:\/\/sarahmrl.com\/index.php\/wp-json\/wp\/v2\/product\/42171","targetHints":{"allow":["GET"]}}],"collection":[{"href":"https:\/\/sarahmrl.com\/index.php\/wp-json\/wp\/v2\/product"}],"about":[{"href":"https:\/\/sarahmrl.com\/index.php\/wp-json\/wp\/v2\/types\/product"}],"replies":[{"embeddable":true,"href":"https:\/\/sarahmrl.com\/index.php\/wp-json\/wp\/v2\/comments?post=42171"}],"version-history":[{"count":0,"href":"https:\/\/sarahmrl.com\/index.php\/wp-json\/wp\/v2\/product\/42171\/revisions"}],"wp:featuredmedia":[{"embeddable":true,"href":"https:\/\/sarahmrl.com\/index.php\/wp-json\/wp\/v2\/media\/42183"}],"wp:attachment":[{"href":"https:\/\/sarahmrl.com\/index.php\/wp-json\/wp\/v2\/media?parent=42171"}],"wp:term":[{"taxonomy":"product_brand","embeddable":true,"href":"https:\/\/sarahmrl.com\/index.php\/wp-json\/wp\/v2\/product_brand?post=42171"},{"taxonomy":"product_cat","embeddable":true,"href":"https:\/\/sarahmrl.com\/index.php\/wp-json\/wp\/v2\/product_cat?post=42171"},{"taxonomy":"product_tag","embeddable":true,"href":"https:\/\/sarahmrl.com\/index.php\/wp-json\/wp\/v2\/product_tag?post=42171"}],"curies":[{"name":"wp","href":"https:\/\/api.w.org\/{rel}","templated":true}]}}