{"id":43894,"date":"2025-11-11T13:56:23","date_gmt":"2025-11-11T12:56:23","guid":{"rendered":"https:\/\/sarahmrl.com\/?post_type=product&#038;p=43894"},"modified":"2025-11-23T18:24:38","modified_gmt":"2025-11-23T17:24:38","slug":"the-mirror-2","status":"publish","type":"product","link":"https:\/\/sarahmrl.com\/index.php\/produit\/the-mirror-2\/","title":{"rendered":"The Mirror | Impression Fine Art"},"content":{"rendered":"\n    <div class=\"xs_social_share_widget xs_share_url after_content \t\tmain_content  wslu-style-1 wslu-share-box-shaped wslu-fill-colored wslu-none wslu-share-horizontal wslu-theme-font-no wslu-main_content\">\n\n\t\t\n        <ul>\n\t\t\t        <\/ul>\n    <\/div> \n","protected":false},"excerpt":{"rendered":"<ul>\n<li>Imprim\u00e9e, emball\u00e9e et exp\u00e9di\u00e9e avec soin depuis mon atelier en France<\/li>\n<li>A4 : Papier photo haute qualit\u00e9 Hahnem\u00fchle coton rag 308gsm<\/li>\n<li>A3 : Papier Fine Art haut de gamme avec finition mate de 210g\/m\u00b2.<\/li>\n<\/ul>\n<p>&nbsp;<\/p>\n<p><strong>EXP\u00c9DITION:<\/strong><\/p>\n<p>Exp\u00e9di\u00e9 depuis la <strong>France<\/strong>.<br \/>\nD\u00e9lai de livraison dans le pays : <strong>48 \u00e0 72 heures<\/strong><br \/>\nEurope : <strong>5 \u00e0 7 jours<\/strong><br \/>\nInternational : <strong>10 \u00e0 15 jours<\/strong><\/p>\n<p><strong>CONSERVATION<\/strong> :<\/p>\n<p>D\u00e9baller l&#8217;impression avec des mains nettoy\u00e9es et s\u00e8ches. N&#8217;h\u00e9sitez pas \u00e0 <strong>encadrer<\/strong> l&#8217;impression sous verre afin de la <strong>prot\u00e9ger de la poussi\u00e8re<\/strong> et exposer dans une pi\u00e8ce \u00e0 l&#8217;<strong>abri de l&#8217;humidit\u00e9<\/strong>.<\/p>\n<p>\u2757\u200bChaque impression est <strong>photographi\u00e9e<\/strong> et <strong>imprim\u00e9e \u00e0 la main<\/strong>, et peut donc pr\u00e9senter des <strong>diff\u00e9rences minimes<\/strong> de couleurs, de contraste, en fonction du papier utilis\u00e9, etc.<\/p>\n","protected":false},"featured_media":43884,"comment_status":"open","ping_status":"closed","template":"","meta":[],"product_brand":[],"product_cat":[182,120,99],"product_tag":[],"class_list":{"0":"post-43894","1":"product","2":"type-product","3":"status-publish","4":"has-post-thumbnail","6":"product_cat-collection-permanente","7":"product_cat-jrr-tolkien","8":"product_cat-tous-les-produits","9":"product_shipping_class-fine-art-print","11":"entry","12":"has-media","14":"first","15":"instock","16":"shipping-taxable","17":"purchasable","18":"product-type-variable","19":"has-product-nav","20":"col","21":"span_1_of_3","22":"owp-content-center","23":"owp-thumbs-layout-vertical","24":"owp-btn-very-big","25":"owp-tabs-layout-horizontal","26":"has-no-thumbnails","28":"circle-sale"},"_links":{"self":[{"href":"https:\/\/sarahmrl.com\/index.php\/wp-json\/wp\/v2\/product\/43894","targetHints":{"allow":["GET"]}}],"collection":[{"href":"https:\/\/sarahmrl.com\/index.php\/wp-json\/wp\/v2\/product"}],"about":[{"href":"https:\/\/sarahmrl.com\/index.php\/wp-json\/wp\/v2\/types\/product"}],"replies":[{"embeddable":true,"href":"https:\/\/sarahmrl.com\/index.php\/wp-json\/wp\/v2\/comments?post=43894"}],"version-history":[{"count":0,"href":"https:\/\/sarahmrl.com\/index.php\/wp-json\/wp\/v2\/product\/43894\/revisions"}],"wp:featuredmedia":[{"embeddable":true,"href":"https:\/\/sarahmrl.com\/index.php\/wp-json\/wp\/v2\/media\/43884"}],"wp:attachment":[{"href":"https:\/\/sarahmrl.com\/index.php\/wp-json\/wp\/v2\/media?parent=43894"}],"wp:term":[{"taxonomy":"product_brand","embeddable":true,"href":"https:\/\/sarahmrl.com\/index.php\/wp-json\/wp\/v2\/product_brand?post=43894"},{"taxonomy":"product_cat","embeddable":true,"href":"https:\/\/sarahmrl.com\/index.php\/wp-json\/wp\/v2\/product_cat?post=43894"},{"taxonomy":"product_tag","embeddable":true,"href":"https:\/\/sarahmrl.com\/index.php\/wp-json\/wp\/v2\/product_tag?post=43894"}],"curies":[{"name":"wp","href":"https:\/\/api.w.org\/{rel}","templated":true}]}}