{"id":44903,"date":"2025-02-24T22:32:14","date_gmt":"2025-02-24T21:32:14","guid":{"rendered":"https:\/\/sarahmrl.com\/?post_type=product&#038;p=44903"},"modified":"2025-06-01T19:40:37","modified_gmt":"2025-06-01T17:40:37","slug":"the-fall-of-the-valkyries","status":"publish","type":"product","link":"https:\/\/sarahmrl.com\/index.php\/produit\/the-fall-of-the-valkyries\/","title":{"rendered":"The Fall of the Valkyries | Impression sur toile"},"content":{"rendered":"\n    <div class=\"xs_social_share_widget xs_share_url after_content \t\tmain_content  wslu-style-1 wslu-share-box-shaped wslu-fill-colored wslu-none wslu-share-horizontal wslu-theme-font-no wslu-main_content\">\n\n\t\t\n        <ul>\n\t\t\t        <\/ul>\n    <\/div> \n","protected":false},"excerpt":{"rendered":"<p data-start=\"60\" data-end=\"493\">Apportez une touche <strong>artistique<\/strong> \u00e0 vos murs avec une de mes peintures imprim\u00e9e sur<strong> toile mate<\/strong> ! Gr\u00e2ce \u00e0 une impression de <strong>haute qualit\u00e9<\/strong> sur un tissu en coton m\u00e9lang\u00e9 optimis\u00e9, cette toile offre une surface naturelle et mate. L&#8217;impression jet d&#8217;encre haute r\u00e9solution garantit des couleurs intenses et une clart\u00e9 exceptionnelle, gr\u00e2ce \u00e0 des encres Epson Ultrachrome\u00ae RS sans solvants.<\/p>\n<p data-start=\"495\" data-end=\"778\">Le ch\u00e2ssis en bois massif, assure une robustesse maximale, avec des coins renforc\u00e9s pour une stabilit\u00e9 parfaite. Pour l&#8217;exposition, un simple syst\u00e8me de fixation avec clous ou vis suffit, ou optez pour un encadrement caisse am\u00e9ricaine.<\/p>\n<p data-start=\"780\" data-end=\"928\" data-is-last-node=\"\" data-is-only-node=\"\">Disponible dans diff\u00e9rentes tailles, ce produit allie qualit\u00e9, design et durabilit\u00e9 pour sublimer vos espaces.<\/p>\n<p data-start=\"780\" data-end=\"928\" data-is-last-node=\"\" data-is-only-node=\"\"><strong><em>Les tailles propos\u00e9es sont des tailles standards et peuvent varier de quelques centim\u00e8tres en fonction de la taille du fichier d&#8217;origine.<\/em><\/strong><\/p>\n<ul>\n<li data-start=\"780\" data-end=\"928\"><em>Livraison : de 9 \u00e0 13 jours ouvr\u00e9s en fonction du pays de destination.<\/em><\/li>\n<\/ul>\n","protected":false},"featured_media":41747,"comment_status":"open","ping_status":"closed","template":"","meta":[],"product_brand":[],"product_cat":[176,99],"product_tag":[],"class_list":{"0":"post-44903","1":"product","2":"type-product","3":"status-publish","4":"has-post-thumbnail","6":"product_cat-impression-sur-toile","7":"product_cat-tous-les-produits","8":"product_shipping_class-fine-art-print","10":"entry","11":"has-media","13":"first","14":"instock","15":"shipping-taxable","16":"purchasable","17":"product-type-variable","18":"has-default-attributes","19":"has-product-nav","20":"col","21":"span_1_of_3","22":"owp-content-center","23":"owp-thumbs-layout-vertical","24":"owp-btn-very-big","25":"owp-tabs-layout-horizontal","27":"circle-sale"},"_links":{"self":[{"href":"https:\/\/sarahmrl.com\/index.php\/wp-json\/wp\/v2\/product\/44903","targetHints":{"allow":["GET"]}}],"collection":[{"href":"https:\/\/sarahmrl.com\/index.php\/wp-json\/wp\/v2\/product"}],"about":[{"href":"https:\/\/sarahmrl.com\/index.php\/wp-json\/wp\/v2\/types\/product"}],"replies":[{"embeddable":true,"href":"https:\/\/sarahmrl.com\/index.php\/wp-json\/wp\/v2\/comments?post=44903"}],"version-history":[{"count":0,"href":"https:\/\/sarahmrl.com\/index.php\/wp-json\/wp\/v2\/product\/44903\/revisions"}],"wp:featuredmedia":[{"embeddable":true,"href":"https:\/\/sarahmrl.com\/index.php\/wp-json\/wp\/v2\/media\/41747"}],"wp:attachment":[{"href":"https:\/\/sarahmrl.com\/index.php\/wp-json\/wp\/v2\/media?parent=44903"}],"wp:term":[{"taxonomy":"product_brand","embeddable":true,"href":"https:\/\/sarahmrl.com\/index.php\/wp-json\/wp\/v2\/product_brand?post=44903"},{"taxonomy":"product_cat","embeddable":true,"href":"https:\/\/sarahmrl.com\/index.php\/wp-json\/wp\/v2\/product_cat?post=44903"},{"taxonomy":"product_tag","embeddable":true,"href":"https:\/\/sarahmrl.com\/index.php\/wp-json\/wp\/v2\/product_tag?post=44903"}],"curies":[{"name":"wp","href":"https:\/\/api.w.org\/{rel}","templated":true}]}}