{"id":45422,"date":"2025-04-22T14:13:50","date_gmt":"2025-04-22T12:13:50","guid":{"rendered":"https:\/\/sarahmrl.com\/?post_type=product&#038;p=45422"},"modified":"2025-11-23T18:25:43","modified_gmt":"2025-11-23T17:25:43","slug":"the-wild-hunt-impression-fine-art","status":"publish","type":"product","link":"https:\/\/sarahmrl.com\/index.php\/produit\/the-wild-hunt-impression-fine-art\/","title":{"rendered":"The Wild Hunt | Impression Fine Art"},"content":{"rendered":"\n    <div class=\"xs_social_share_widget xs_share_url after_content \t\tmain_content  wslu-style-1 wslu-share-box-shaped wslu-fill-colored wslu-none wslu-share-horizontal wslu-theme-font-no wslu-main_content\">\n\n\t\t\n        <ul>\n\t\t\t        <\/ul>\n    <\/div> \n","protected":false},"excerpt":{"rendered":"<ul>\n<li>Imprim\u00e9e, emball\u00e9e et exp\u00e9di\u00e9e avec soin depuis mon atelier en France<\/li>\n<li>A4 : Papier photo haute qualit\u00e9 Hahnem\u00fchle coton rag 308gsm<\/li>\n<li>A3 : Papier Fine Art haut de gamme avec finition mate de 210g\/m\u00b2.<\/li>\n<\/ul>\n<p>&nbsp;<\/p>\n<p><strong>EXP\u00c9DITION:<\/strong><\/p>\n<p>Exp\u00e9di\u00e9 depuis la <strong>France<\/strong>.<br \/>\nD\u00e9lai de livraison dans le pays : <strong>48 \u00e0 72 heures<\/strong><br \/>\nEurope : <strong>5 \u00e0 7 jours<\/strong><br \/>\nInternational : <strong>10 \u00e0 15 jours<\/strong><\/p>\n<p><strong>CONSERVATION<\/strong> :<\/p>\n<p>D\u00e9baller l&#8217;impression avec des mains nettoy\u00e9es et s\u00e8ches. N&#8217;h\u00e9sitez pas \u00e0 <strong>encadrer<\/strong> l&#8217;impression sous verre afin de la <strong>prot\u00e9ger de la poussi\u00e8re<\/strong> et exposer dans une pi\u00e8ce \u00e0 l&#8217;<strong>abri de l&#8217;humidit\u00e9<\/strong>.<\/p>\n<p>\u2757\u200bChaque impression est <strong>photographi\u00e9e<\/strong> et <strong>imprim\u00e9e \u00e0 la main<\/strong>, et peut donc pr\u00e9senter des <strong>diff\u00e9rences minimes<\/strong> de couleurs, de contraste, en fonction du papier utilis\u00e9, etc.<\/p>\n","protected":false},"featured_media":43966,"comment_status":"open","ping_status":"closed","template":"","meta":[],"product_brand":[],"product_cat":[182,99],"product_tag":[],"class_list":{"0":"post-45422","1":"product","2":"type-product","3":"status-publish","4":"has-post-thumbnail","6":"product_cat-collection-permanente","7":"product_cat-tous-les-produits","8":"product_shipping_class-fine-art-print","10":"entry","11":"has-media","13":"first","14":"instock","15":"shipping-taxable","16":"purchasable","17":"product-type-variable","18":"has-product-nav","19":"col","20":"span_1_of_3","21":"owp-content-center","22":"owp-thumbs-layout-vertical","23":"owp-btn-very-big","24":"owp-tabs-layout-horizontal","25":"has-no-thumbnails","27":"circle-sale"},"_links":{"self":[{"href":"https:\/\/sarahmrl.com\/index.php\/wp-json\/wp\/v2\/product\/45422","targetHints":{"allow":["GET"]}}],"collection":[{"href":"https:\/\/sarahmrl.com\/index.php\/wp-json\/wp\/v2\/product"}],"about":[{"href":"https:\/\/sarahmrl.com\/index.php\/wp-json\/wp\/v2\/types\/product"}],"replies":[{"embeddable":true,"href":"https:\/\/sarahmrl.com\/index.php\/wp-json\/wp\/v2\/comments?post=45422"}],"version-history":[{"count":0,"href":"https:\/\/sarahmrl.com\/index.php\/wp-json\/wp\/v2\/product\/45422\/revisions"}],"wp:featuredmedia":[{"embeddable":true,"href":"https:\/\/sarahmrl.com\/index.php\/wp-json\/wp\/v2\/media\/43966"}],"wp:attachment":[{"href":"https:\/\/sarahmrl.com\/index.php\/wp-json\/wp\/v2\/media?parent=45422"}],"wp:term":[{"taxonomy":"product_brand","embeddable":true,"href":"https:\/\/sarahmrl.com\/index.php\/wp-json\/wp\/v2\/product_brand?post=45422"},{"taxonomy":"product_cat","embeddable":true,"href":"https:\/\/sarahmrl.com\/index.php\/wp-json\/wp\/v2\/product_cat?post=45422"},{"taxonomy":"product_tag","embeddable":true,"href":"https:\/\/sarahmrl.com\/index.php\/wp-json\/wp\/v2\/product_tag?post=45422"}],"curies":[{"name":"wp","href":"https:\/\/api.w.org\/{rel}","templated":true}]}}