{"id":45991,"date":"2025-11-29T17:55:57","date_gmt":"2025-11-29T16:55:57","guid":{"rendered":"https:\/\/sarahmrl.com\/?post_type=product&#038;p=45991"},"modified":"2025-11-29T17:55:57","modified_gmt":"2025-11-29T16:55:57","slug":"one-more-step-lord-of-the-ring-edition-anglaise-2004","status":"publish","type":"product","link":"https:\/\/sarahmrl.com\/index.php\/produit\/one-more-step-lord-of-the-ring-edition-anglaise-2004\/","title":{"rendered":"&#8220;One more step&#8221; | Lord of the Ring &#8211; \u00c9dition anglaise 2004"},"content":{"rendered":"\n    <div class=\"xs_social_share_widget xs_share_url after_content \t\tmain_content  wslu-style-1 wslu-share-box-shaped wslu-fill-colored wslu-none wslu-share-horizontal wslu-theme-font-no wslu-main_content\">\n\n\t\t\n        <ul>\n\t\t\t        <\/ul>\n    <\/div> \n","protected":false},"excerpt":{"rendered":"<p data-start=\"255\" data-end=\"404\"><strong>Le Seigneur des Anneaux \u2013 Livre peint \u00e0 la main (\u00e9dition anglaise 2004)<\/strong><\/p>\n<p data-start=\"255\" data-end=\"404\">Cette \u00e9dition anglaise du <strong><em data-start=\"281\" data-end=\"303\">Seigneur des Anneaux<\/em><\/strong>, \u00e9crite par J.R.R.Tolkien, publi\u00e9e en 2004 par HarperCollins, a \u00e9t\u00e9 transform\u00e9e en une pi\u00e8ce unique!<\/p>\n<p data-start=\"406\" data-end=\"667\">J\u2019ai peint \u00e0 l\u2019aquarelle une sc\u00e8ne rarement, voire jamais repr\u00e9sent\u00e9e, choisie pour sa raret\u00e9 et ces couleurs qui s&#8217;accordent parfaitement au livre !<\/p>\n<p data-start=\"669\" data-end=\"817\">Ce livre que j&#8217;ai s\u00e9lectionn\u00e9 est <strong>d\u2019occasion<\/strong> : traces du temps, marques, petits d\u00e9fauts\u2026 Ce sont ces d\u00e9tails qui rendent chaque pi\u00e8ce authentique.<\/p>\n<blockquote>\n<p data-start=\"669\" data-end=\"817\">Ce livre peint pr\u00e9sente certains<strong data-start=\"682\" data-end=\"723\"> d\u00e9fauts dus \u00e0 un incident<\/strong>, sans impact sur la peinture ni sur l\u2019aspect artistique global.<br data-start=\"787\" data-end=\"790\" \/>Les d\u00e9fauts sont mineurs et n\u2019alt\u00e8rent pas le plaisir visuel ni la valeur cr\u00e9ative de l\u2019objet. Vous retrouverez des photos des imperfections!<br data-start=\"886\" data-end=\"889\" \/>Une belle occasion d\u2019acqu\u00e9rir une \u0153uvre originale \u00e0 tarif pr\u00e9f\u00e9rentiel !<\/p>\n<\/blockquote>\n<p data-start=\"669\" data-end=\"817\"><strong><em>\u00c0 noter : la jaquette \u00e9tait bien trop abim\u00e9e et n&#8217;est donc pas fournie avec le livre.<\/em><\/strong><\/p>\n<p data-start=\"819\" data-end=\"924\">L\u2019\u0153uvre est <strong>fix\u00e9e et prot\u00e9g\u00e9e, mais reste fragile<\/strong>. Ce livre est destin\u00e9 \u00e0 la collection, non \u00e0 la lecture : une manipulation trop fr\u00e9quente pourrait endommager la peinture.<\/p>\n<p data-start=\"926\" data-end=\"1020\">C\u2019est une \u0153uvre destin\u00e9e aux collectionneurs, passionn\u00e9s de Tolkien ou amateurs d\u2019art et\/ou de livres !<\/p>\n<p>Exp\u00e9dition offerte.<\/p>\n","protected":false},"featured_media":45993,"comment_status":"open","ping_status":"closed","template":"","meta":[],"product_brand":[],"product_cat":[120,184,140,146,99],"product_tag":[92,95,97],"class_list":{"0":"post-45991","1":"product","2":"type-product","3":"status-publish","4":"has-post-thumbnail","6":"product_cat-jrr-tolkien","7":"product_cat-nouveautes","8":"product_cat-originals","9":"product_cat-peinture-sur-livre","10":"product_cat-tous-les-produits","11":"product_tag-cinema","12":"product_tag-livres","13":"product_tag-original","14":"product_shipping_class-livres","16":"entry","17":"has-media","19":"first","20":"instock","21":"shipping-taxable","22":"purchasable","23":"product-type-simple","24":"has-product-nav","25":"col","26":"span_1_of_3","27":"owp-content-center","28":"owp-thumbs-layout-vertical","29":"owp-btn-very-big","30":"owp-tabs-layout-horizontal","32":"circle-sale"},"_links":{"self":[{"href":"https:\/\/sarahmrl.com\/index.php\/wp-json\/wp\/v2\/product\/45991","targetHints":{"allow":["GET"]}}],"collection":[{"href":"https:\/\/sarahmrl.com\/index.php\/wp-json\/wp\/v2\/product"}],"about":[{"href":"https:\/\/sarahmrl.com\/index.php\/wp-json\/wp\/v2\/types\/product"}],"replies":[{"embeddable":true,"href":"https:\/\/sarahmrl.com\/index.php\/wp-json\/wp\/v2\/comments?post=45991"}],"version-history":[{"count":1,"href":"https:\/\/sarahmrl.com\/index.php\/wp-json\/wp\/v2\/product\/45991\/revisions"}],"predecessor-version":[{"id":46159,"href":"https:\/\/sarahmrl.com\/index.php\/wp-json\/wp\/v2\/product\/45991\/revisions\/46159"}],"wp:featuredmedia":[{"embeddable":true,"href":"https:\/\/sarahmrl.com\/index.php\/wp-json\/wp\/v2\/media\/45993"}],"wp:attachment":[{"href":"https:\/\/sarahmrl.com\/index.php\/wp-json\/wp\/v2\/media?parent=45991"}],"wp:term":[{"taxonomy":"product_brand","embeddable":true,"href":"https:\/\/sarahmrl.com\/index.php\/wp-json\/wp\/v2\/product_brand?post=45991"},{"taxonomy":"product_cat","embeddable":true,"href":"https:\/\/sarahmrl.com\/index.php\/wp-json\/wp\/v2\/product_cat?post=45991"},{"taxonomy":"product_tag","embeddable":true,"href":"https:\/\/sarahmrl.com\/index.php\/wp-json\/wp\/v2\/product_tag?post=45991"}],"curies":[{"name":"wp","href":"https:\/\/api.w.org\/{rel}","templated":true}]}}