{"id":46004,"date":"2025-11-29T17:55:58","date_gmt":"2025-11-29T16:55:58","guid":{"rendered":"https:\/\/sarahmrl.com\/?post_type=product&#038;p=46004"},"modified":"2025-11-29T17:55:58","modified_gmt":"2025-11-29T16:55:58","slug":"your-elf-eyes-lord-of-the-ring-edition-collector-anglaise-2004","status":"publish","type":"product","link":"https:\/\/sarahmrl.com\/index.php\/produit\/your-elf-eyes-lord-of-the-ring-edition-collector-anglaise-2004\/","title":{"rendered":"&#8220;Your elf eyes&#8221; | Lord of the Ring &#8211; \u00c9dition Collector anglaise 2004"},"content":{"rendered":"\n    <div class=\"xs_social_share_widget xs_share_url after_content \t\tmain_content  wslu-style-1 wslu-share-box-shaped wslu-fill-colored wslu-none wslu-share-horizontal wslu-theme-font-no wslu-main_content\">\n\n\t\t\n        <ul>\n\t\t\t        <\/ul>\n    <\/div> \n","protected":false},"excerpt":{"rendered":"<p data-start=\"255\" data-end=\"404\"><strong>Le Seigneur des Anneaux \u2013 Livre peint \u00e0 la main (\u00e9dition Collector anglaise 2004)<\/strong><\/p>\n<p data-start=\"255\" data-end=\"404\">Cette \u00e9dition anglaise du <strong><em data-start=\"281\" data-end=\"303\">Seigneur des Anneaux<\/em><\/strong>, \u00e9crite par J.R.R.Tolkien, publi\u00e9e en 2004 par HarperCollins, a \u00e9t\u00e9 transform\u00e9e en une pi\u00e8ce unique!<\/p>\n<p data-start=\"406\" data-end=\"667\">J\u2019ai peint \u00e0 l\u2019aquarelle une sc\u00e8ne rarement, voire jamais repr\u00e9sent\u00e9e, choisie pour sa raret\u00e9 et ces couleurs qui s&#8217;accordent parfaitement au livre !<\/p>\n<p data-start=\"669\" data-end=\"817\">Ce livre que j\u2019ai s\u00e9lectionn\u00e9 est\u00a0<strong>d\u2019occasion<\/strong>\u00a0: traces du temps, marques, petits d\u00e9fauts\u2026 Ce sont ces d\u00e9tails qui rendent chaque pi\u00e8ce authentique.<\/p>\n<p data-start=\"669\" data-end=\"817\"><strong><em>\u00c0 noter : la jaquette est plus ab\u00eem\u00e9e que le livre lui-m\u00eame, car plus expos\u00e9e au temps et aux manipulations.<\/em><\/strong><\/p>\n<p data-start=\"819\" data-end=\"924\">L\u2019\u0153uvre est <strong>fix\u00e9e et prot\u00e9g\u00e9e, mais reste fragile<\/strong>. Ce livre est destin\u00e9 \u00e0 la collection, non \u00e0 la lecture : une manipulation trop fr\u00e9quente pourrait endommager la peinture.<\/p>\n<p data-start=\"926\" data-end=\"1020\">C\u2019est une \u0153uvre destin\u00e9e aux collectionneurs, passionn\u00e9s de Tolkien ou amateurs d\u2019art et\/ou de livres !<\/p>\n<p>Exp\u00e9dition offerte.<\/p>\n","protected":false},"featured_media":46012,"comment_status":"open","ping_status":"closed","template":"","meta":[],"product_brand":[],"product_cat":[120,184,140,146,99],"product_tag":[92,95,97],"class_list":{"0":"post-46004","1":"product","2":"type-product","3":"status-publish","4":"has-post-thumbnail","6":"product_cat-jrr-tolkien","7":"product_cat-nouveautes","8":"product_cat-originals","9":"product_cat-peinture-sur-livre","10":"product_cat-tous-les-produits","11":"product_tag-cinema","12":"product_tag-livres","13":"product_tag-original","14":"product_shipping_class-livres","16":"entry","17":"has-media","19":"first","20":"instock","21":"shipping-taxable","22":"purchasable","23":"product-type-simple","24":"has-product-nav","25":"col","26":"span_1_of_3","27":"owp-content-center","28":"owp-thumbs-layout-vertical","29":"owp-btn-very-big","30":"owp-tabs-layout-horizontal","32":"circle-sale"},"_links":{"self":[{"href":"https:\/\/sarahmrl.com\/index.php\/wp-json\/wp\/v2\/product\/46004","targetHints":{"allow":["GET"]}}],"collection":[{"href":"https:\/\/sarahmrl.com\/index.php\/wp-json\/wp\/v2\/product"}],"about":[{"href":"https:\/\/sarahmrl.com\/index.php\/wp-json\/wp\/v2\/types\/product"}],"replies":[{"embeddable":true,"href":"https:\/\/sarahmrl.com\/index.php\/wp-json\/wp\/v2\/comments?post=46004"}],"version-history":[{"count":1,"href":"https:\/\/sarahmrl.com\/index.php\/wp-json\/wp\/v2\/product\/46004\/revisions"}],"predecessor-version":[{"id":46161,"href":"https:\/\/sarahmrl.com\/index.php\/wp-json\/wp\/v2\/product\/46004\/revisions\/46161"}],"wp:featuredmedia":[{"embeddable":true,"href":"https:\/\/sarahmrl.com\/index.php\/wp-json\/wp\/v2\/media\/46012"}],"wp:attachment":[{"href":"https:\/\/sarahmrl.com\/index.php\/wp-json\/wp\/v2\/media?parent=46004"}],"wp:term":[{"taxonomy":"product_brand","embeddable":true,"href":"https:\/\/sarahmrl.com\/index.php\/wp-json\/wp\/v2\/product_brand?post=46004"},{"taxonomy":"product_cat","embeddable":true,"href":"https:\/\/sarahmrl.com\/index.php\/wp-json\/wp\/v2\/product_cat?post=46004"},{"taxonomy":"product_tag","embeddable":true,"href":"https:\/\/sarahmrl.com\/index.php\/wp-json\/wp\/v2\/product_tag?post=46004"}],"curies":[{"name":"wp","href":"https:\/\/api.w.org\/{rel}","templated":true}]}}