{"id":47087,"date":"2026-03-20T14:05:48","date_gmt":"2026-03-20T13:05:48","guid":{"rendered":"https:\/\/sarahmrl.com\/?post_type=product&#038;p=47087"},"modified":"2026-04-02T16:50:43","modified_gmt":"2026-04-02T14:50:43","slug":"rivendell-lord-of-the-ring-edition-anglaise-harpercollinns-2004","status":"publish","type":"product","link":"https:\/\/sarahmrl.com\/index.php\/produit\/rivendell-lord-of-the-ring-edition-anglaise-harpercollinns-2004\/","title":{"rendered":"&#8220;Rivendell&#8221; | Lord of the Ring &#8211; \u00c9dition anglaise HarperCollinns 2004"},"content":{"rendered":"\n    <div class=\"xs_social_share_widget xs_share_url after_content \t\tmain_content  wslu-style-1 wslu-share-box-shaped wslu-fill-colored wslu-none wslu-share-horizontal wslu-theme-font-no wslu-main_content\">\n\n\t\t\n        <ul>\n\t\t\t        <\/ul>\n    <\/div> \n","protected":false},"excerpt":{"rendered":"<p data-start=\"255\" data-end=\"404\"><strong>Le Seigneur des Anneaux \u2013 Livre peint \u00e0 la main (\u00e9dition 50th Anniversary 2004)<\/strong><\/p>\n<p data-start=\"255\" data-end=\"404\">Cette \u00e9dition anglaise du <strong><em data-start=\"281\" data-end=\"303\">Seigneur des Anneaux<\/em><\/strong>, \u00e9crite par J.R.R.Tolkien, publi\u00e9e en 2004 par HarperCollins, a \u00e9t\u00e9 transform\u00e9e en une pi\u00e8ce unique!<\/p>\n<p data-start=\"406\" data-end=\"667\">Une <strong data-start=\"419\" data-end=\"438\">sc\u00e8ne originale<\/strong>, enti\u00e8rement imagin\u00e9e et compos\u00e9e par mes soins, a \u00e9t\u00e9 peinte \u00e0 la main \u00e0 l\u2019aquarelle. Elle a \u00e9t\u00e9 choisie pour l\u2019\u00e9motion qu\u2019elle d\u00e9gage et pour l\u2019harmonie de ses couleurs avec l\u2019univers du livre.<\/p>\n<p data-start=\"669\" data-end=\"817\">Ce livre que j\u2019ai s\u00e9lectionn\u00e9 est\u00a0<strong>d\u2019occasion<\/strong>\u00a0: traces du temps, marques, petits d\u00e9fauts\u2026 Ce sont ces d\u00e9tails qui rendent chaque pi\u00e8ce authentique.<\/p>\n<p data-start=\"669\" data-end=\"817\"><strong><em>\u00c0 noter : la jaquette est plus ab\u00eem\u00e9e que le livre lui-m\u00eame, car plus expos\u00e9e au temps et aux manipulations.<\/em><\/strong><\/p>\n<p data-start=\"819\" data-end=\"924\">L\u2019\u0153uvre est <strong>fix\u00e9e et prot\u00e9g\u00e9e, mais reste fragile<\/strong>. Ce livre est destin\u00e9 \u00e0 la collection, non \u00e0 la lecture : une manipulation trop fr\u00e9quente pourrait endommager la peinture.<\/p>\n<p data-start=\"926\" data-end=\"1020\">C\u2019est une \u0153uvre destin\u00e9e aux collectionneurs, passionn\u00e9s de Tolkien ou amateurs d\u2019art et\/ou de livres !<\/p>\n<p>Exp\u00e9dition offerte.<\/p>\n","protected":false},"featured_media":47092,"comment_status":"open","ping_status":"closed","template":"","meta":[],"product_brand":[],"product_cat":[120,184,140,146,99],"product_tag":[92,95,97],"class_list":{"0":"post-47087","1":"product","2":"type-product","3":"status-publish","4":"has-post-thumbnail","6":"product_cat-jrr-tolkien","7":"product_cat-nouveautes","8":"product_cat-originals","9":"product_cat-peinture-sur-livre","10":"product_cat-tous-les-produits","11":"product_tag-cinema","12":"product_tag-livres","13":"product_tag-original","14":"product_shipping_class-livres","16":"entry","17":"has-media","19":"first","20":"outofstock","21":"sale","22":"shipping-taxable","23":"purchasable","24":"product-type-simple","25":"has-product-nav","26":"col","27":"span_1_of_3","28":"owp-content-center","29":"owp-thumbs-layout-vertical","30":"owp-btn-very-big","31":"owp-tabs-layout-horizontal","33":"circle-sale"},"_links":{"self":[{"href":"https:\/\/sarahmrl.com\/index.php\/wp-json\/wp\/v2\/product\/47087","targetHints":{"allow":["GET"]}}],"collection":[{"href":"https:\/\/sarahmrl.com\/index.php\/wp-json\/wp\/v2\/product"}],"about":[{"href":"https:\/\/sarahmrl.com\/index.php\/wp-json\/wp\/v2\/types\/product"}],"replies":[{"embeddable":true,"href":"https:\/\/sarahmrl.com\/index.php\/wp-json\/wp\/v2\/comments?post=47087"}],"version-history":[{"count":2,"href":"https:\/\/sarahmrl.com\/index.php\/wp-json\/wp\/v2\/product\/47087\/revisions"}],"predecessor-version":[{"id":47111,"href":"https:\/\/sarahmrl.com\/index.php\/wp-json\/wp\/v2\/product\/47087\/revisions\/47111"}],"wp:featuredmedia":[{"embeddable":true,"href":"https:\/\/sarahmrl.com\/index.php\/wp-json\/wp\/v2\/media\/47092"}],"wp:attachment":[{"href":"https:\/\/sarahmrl.com\/index.php\/wp-json\/wp\/v2\/media?parent=47087"}],"wp:term":[{"taxonomy":"product_brand","embeddable":true,"href":"https:\/\/sarahmrl.com\/index.php\/wp-json\/wp\/v2\/product_brand?post=47087"},{"taxonomy":"product_cat","embeddable":true,"href":"https:\/\/sarahmrl.com\/index.php\/wp-json\/wp\/v2\/product_cat?post=47087"},{"taxonomy":"product_tag","embeddable":true,"href":"https:\/\/sarahmrl.com\/index.php\/wp-json\/wp\/v2\/product_tag?post=47087"}],"curies":[{"name":"wp","href":"https:\/\/api.w.org\/{rel}","templated":true}]}}