{"id":47547,"date":"2026-04-12T18:15:41","date_gmt":"2026-04-12T16:15:41","guid":{"rendered":"https:\/\/sarahmrl.com\/?post_type=product&#038;p=47547"},"modified":"2026-04-12T18:27:29","modified_gmt":"2026-04-12T16:27:29","slug":"outlander-edition-anglaise-collector-20e-anniversaire-2011","status":"publish","type":"product","link":"https:\/\/sarahmrl.com\/index.php\/produit\/outlander-edition-anglaise-collector-20e-anniversaire-2011\/","title":{"rendered":"&#8220;Outlander&#8221; | \u00c9dition Anglaise Collector 20e anniversaire 2011"},"content":{"rendered":"\n    <div class=\"xs_social_share_widget xs_share_url after_content \t\tmain_content  wslu-style-1 wslu-share-box-shaped wslu-fill-colored wslu-none wslu-share-horizontal wslu-theme-font-no wslu-main_content\">\n\n\t\t\n        <ul>\n\t\t\t        <\/ul>\n    <\/div> \n","protected":false},"excerpt":{"rendered":"<p data-start=\"255\" data-end=\"404\"><strong>Outlander \u2013 Livre peint \u00e0 la main (\u00c9dition Collector 20e anniversaire 2011)<\/strong><\/p>\n<p data-start=\"255\" data-end=\"404\">Cette \u00e9dition anglaise de Outlander, \u00e9crite par Diana Gabaldon, publi\u00e9e en 2011 par Delacorte press, a \u00e9t\u00e9 transform\u00e9e en une pi\u00e8ce unique!<\/p>\n<p data-start=\"406\" data-end=\"667\">Une <strong data-start=\"419\" data-end=\"438\">sc\u00e8ne originale <\/strong>a \u00e9t\u00e9 peinte \u00e0 la main \u00e0 l\u2019aquarelle. Elle a \u00e9t\u00e9 choisie pour l\u2019\u00e9motion qu\u2019elle d\u00e9gage et pour l\u2019harmonie de ses couleurs avec l\u2019univers du livre.<\/p>\n<p data-start=\"669\" data-end=\"817\">Ce livre que j\u2019ai s\u00e9lectionn\u00e9 est\u00a0<strong>d\u2019occasion<\/strong>\u00a0: traces du temps, marques, petits d\u00e9fauts\u2026 Ce sont ces d\u00e9tails qui rendent chaque pi\u00e8ce authentique.<\/p>\n<p data-start=\"669\" data-end=\"817\"><strong><em>\u00c0 noter : la jaquette est plus ab\u00eem\u00e9e que le livre lui-m\u00eame, car plus expos\u00e9e au temps et aux manipulations. Cette \u00e9dition poss\u00e8de une fissure peu visible sur la couverture.<\/em><\/strong><\/p>\n<p data-start=\"819\" data-end=\"924\">L\u2019\u0153uvre est <strong>fix\u00e9e et prot\u00e9g\u00e9e, mais reste fragile<\/strong>. Ce livre est destin\u00e9 \u00e0 la collection, non \u00e0 la lecture : une manipulation trop fr\u00e9quente pourrait endommager la peinture.<\/p>\n<p data-start=\"926\" data-end=\"1020\">C\u2019est une \u0153uvre destin\u00e9e aux collectionneurs, passionn\u00e9s de Tolkien ou amateurs d\u2019art et\/ou de livres !<\/p>\n<p>Exp\u00e9dition offerte.<\/p>\n","protected":false},"featured_media":47554,"comment_status":"open","ping_status":"closed","template":"","meta":[],"product_brand":[],"product_cat":[25],"product_tag":[92,95,97],"class_list":{"0":"post-47547","1":"product","2":"type-product","3":"status-publish","4":"has-post-thumbnail","6":"product_cat-non-classe","7":"product_tag-cinema","8":"product_tag-livres","9":"product_tag-original","10":"product_shipping_class-livres","12":"entry","13":"has-media","15":"first","16":"instock","17":"sale","18":"shipping-taxable","19":"purchasable","20":"product-type-simple","21":"has-product-nav","22":"col","23":"span_1_of_3","24":"owp-content-center","25":"owp-thumbs-layout-vertical","26":"owp-btn-very-big","27":"owp-tabs-layout-horizontal","29":"circle-sale"},"_links":{"self":[{"href":"https:\/\/sarahmrl.com\/index.php\/wp-json\/wp\/v2\/product\/47547","targetHints":{"allow":["GET"]}}],"collection":[{"href":"https:\/\/sarahmrl.com\/index.php\/wp-json\/wp\/v2\/product"}],"about":[{"href":"https:\/\/sarahmrl.com\/index.php\/wp-json\/wp\/v2\/types\/product"}],"replies":[{"embeddable":true,"href":"https:\/\/sarahmrl.com\/index.php\/wp-json\/wp\/v2\/comments?post=47547"}],"version-history":[{"count":2,"href":"https:\/\/sarahmrl.com\/index.php\/wp-json\/wp\/v2\/product\/47547\/revisions"}],"predecessor-version":[{"id":47556,"href":"https:\/\/sarahmrl.com\/index.php\/wp-json\/wp\/v2\/product\/47547\/revisions\/47556"}],"wp:featuredmedia":[{"embeddable":true,"href":"https:\/\/sarahmrl.com\/index.php\/wp-json\/wp\/v2\/media\/47554"}],"wp:attachment":[{"href":"https:\/\/sarahmrl.com\/index.php\/wp-json\/wp\/v2\/media?parent=47547"}],"wp:term":[{"taxonomy":"product_brand","embeddable":true,"href":"https:\/\/sarahmrl.com\/index.php\/wp-json\/wp\/v2\/product_brand?post=47547"},{"taxonomy":"product_cat","embeddable":true,"href":"https:\/\/sarahmrl.com\/index.php\/wp-json\/wp\/v2\/product_cat?post=47547"},{"taxonomy":"product_tag","embeddable":true,"href":"https:\/\/sarahmrl.com\/index.php\/wp-json\/wp\/v2\/product_tag?post=47547"}],"curies":[{"name":"wp","href":"https:\/\/api.w.org\/{rel}","templated":true}]}}